{"id":3938,"date":"2023-04-28T14:10:00","date_gmt":"2023-04-28T17:10:00","guid":{"rendered":"https:\/\/lipefurniture.com\/?post_type=product&#038;p=3938"},"modified":"2024-08-12T23:04:36","modified_gmt":"2024-08-13T02:04:36","slug":"sergio-rodrigues-poltrona-mole","status":"publish","type":"product","link":"https:\/\/lipefurniture.com\/en\/acervo\/sergio-rodrigues-poltrona-mole\/","title":{"rendered":"Sergio Rodrigues &#8211; Poltrona Mole"},"content":{"rendered":"","protected":false},"excerpt":{"rendered":"<p>Poltrona Mole, modelo exporta\u00e7\u00e3o, em freij\u00f3 e couro.<\/p>\n<p><strong>Medidas:<\/strong> L 92 x P 91 x A 86 cm<\/p>\n<p><strong>Brasil, 1970<\/strong><\/p>\n<p>Pe\u00e7a no estado original, podendo ser entregue restaurada.<\/p>","protected":false},"featured_media":3950,"template":"","meta":{"_eb_attr":"","site-sidebar-layout":"default","site-content-layout":"default","ast-site-content-layout":"default","site-content-style":"default","site-sidebar-style":"default","ast-global-header-display":"","ast-banner-title-visibility":"","ast-main-header-display":"","ast-hfb-above-header-display":"","ast-hfb-below-header-display":"","ast-hfb-mobile-header-display":"","site-post-title":"","ast-breadcrumbs-content":"","ast-featured-img":"","footer-sml-layout":"","ast-disable-related-posts":"","theme-transparent-header-meta":"default","adv-header-id-meta":"","stick-header-meta":"","header-above-stick-meta":"","header-main-stick-meta":"","header-below-stick-meta":"","astra-migrate-meta-layouts":"default","ast-page-background-enabled":"default","ast-page-background-meta":{"desktop":{"background-color":"var(--ast-global-color-4)","background-image":"","background-repeat":"repeat","background-position":"center center","background-size":"auto","background-attachment":"scroll","background-type":"","background-media":"","overlay-type":"","overlay-color":"","overlay-opacity":"","overlay-gradient":""},"tablet":{"background-color":"","background-image":"","background-repeat":"repeat","background-position":"center center","background-size":"auto","background-attachment":"scroll","background-type":"","background-media":"","overlay-type":"","overlay-color":"","overlay-opacity":"","overlay-gradient":""},"mobile":{"background-color":"","background-image":"","background-repeat":"repeat","background-position":"center center","background-size":"auto","background-attachment":"scroll","background-type":"","background-media":"","overlay-type":"","overlay-color":"","overlay-opacity":"","overlay-gradient":""}},"ast-content-background-meta":{"desktop":{"background-color":"var(--ast-global-color-5)","background-image":"","background-repeat":"repeat","background-position":"center center","background-size":"auto","background-attachment":"scroll","background-type":"","background-media":"","overlay-type":"","overlay-color":"","overlay-opacity":"","overlay-gradient":""},"tablet":{"background-color":"var(--ast-global-color-5)","background-image":"","background-repeat":"repeat","background-position":"center center","background-size":"auto","background-attachment":"scroll","background-type":"","background-media":"","overlay-type":"","overlay-color":"","overlay-opacity":"","overlay-gradient":""},"mobile":{"background-color":"var(--ast-global-color-5)","background-image":"","background-repeat":"repeat","background-position":"center center","background-size":"auto","background-attachment":"scroll","background-type":"","background-media":"","overlay-type":"","overlay-color":"","overlay-opacity":"","overlay-gradient":""}}},"product_brand":[],"product_cat":[28,15,71],"product_tag":[96,107],"class_list":{"0":"post-3938","1":"product","2":"type-product","3":"status-publish","4":"has-post-thumbnail","6":"product_cat-poltronas","7":"product_cat-todos","8":"product_cat-vendidos","9":"product_tag-percival-lafer-poltronas-mp-13","10":"product_tag-venda-especial-iii","11":"desktop-align-left","12":"tablet-align-left","13":"mobile-align-left","15":"first","16":"outofstock","17":"shipping-taxable","18":"purchasable","19":"product-type-simple"},"aioseo_notices":[],"_links":{"self":[{"href":"https:\/\/lipefurniture.com\/en\/wp-json\/wp\/v2\/product\/3938","targetHints":{"allow":["GET"]}}],"collection":[{"href":"https:\/\/lipefurniture.com\/en\/wp-json\/wp\/v2\/product"}],"about":[{"href":"https:\/\/lipefurniture.com\/en\/wp-json\/wp\/v2\/types\/product"}],"wp:featuredmedia":[{"embeddable":true,"href":"https:\/\/lipefurniture.com\/en\/wp-json\/wp\/v2\/media\/3950"}],"wp:attachment":[{"href":"https:\/\/lipefurniture.com\/en\/wp-json\/wp\/v2\/media?parent=3938"}],"wp:term":[{"taxonomy":"product_brand","embeddable":true,"href":"https:\/\/lipefurniture.com\/en\/wp-json\/wp\/v2\/product_brand?post=3938"},{"taxonomy":"product_cat","embeddable":true,"href":"https:\/\/lipefurniture.com\/en\/wp-json\/wp\/v2\/product_cat?post=3938"},{"taxonomy":"product_tag","embeddable":true,"href":"https:\/\/lipefurniture.com\/en\/wp-json\/wp\/v2\/product_tag?post=3938"}],"curies":[{"name":"wp","href":"https:\/\/api.w.org\/{rel}","templated":true}]}}