{"id":3179,"date":"2023-01-29T09:25:00","date_gmt":"2023-01-29T12:25:00","guid":{"rendered":"https:\/\/lipefurniture.com\/?post_type=product&#038;p=3179"},"modified":"2024-08-12T23:06:05","modified_gmt":"2024-08-13T02:06:05","slug":"autoria-desconhecida-conjunto-de-jantar","status":"publish","type":"product","link":"https:\/\/lipefurniture.com\/en\/acervo\/autoria-desconhecida-conjunto-de-jantar\/","title":{"rendered":"Autoria desconhecida"},"content":{"rendered":"","protected":false},"excerpt":{"rendered":"<p>Conjunto formato por 6 cadeiras &#8211; de jacarand\u00e1 maci\u00e7o, bot\u00f5es em metal e tape\u00e7aria em couro &#8211; e mesa com encabe\u00e7amento do tampo em jacarand\u00e1 e estrutura folheada. P\u00e9s maci\u00e7os suportados por acabamentos em metal. Desenho e execu\u00e7\u00e3o fazem di\u00e1logo direto com trabalho de Jorge Zalszupin o que nos leva a crer ser dele a autoria. Mas como nosso compromisso supremo \u00e9 com a certeza da proced\u00eancia, e n\u00e3o identificamos conjunto em nenhuma publica\u00e7\u00e3o, julgamos por bem descrev\u00ea-la como de autoria desconhecida. <\/p>\n<p><strong>Medidas <strong>mesa:<\/strong> L 240 x P 100 X A 78 cm<\/p>\n<p><strong>Medidas <strong>cadeiras:<\/strong> L 50 x P 50 X A 84 cm<\/p>\n<p><strong>Brasil, 1960<\/strong><\/p>\n<p>Pe\u00e7as no estado original podendo ser entregues restauradas em at\u00e9 30 dias.<\/p>","protected":false},"featured_media":3180,"template":"","meta":{"_eb_attr":"","site-sidebar-layout":"default","site-content-layout":"default","ast-site-content-layout":"default","site-content-style":"default","site-sidebar-style":"default","ast-global-header-display":"","ast-banner-title-visibility":"","ast-main-header-display":"","ast-hfb-above-header-display":"","ast-hfb-below-header-display":"","ast-hfb-mobile-header-display":"","site-post-title":"","ast-breadcrumbs-content":"","ast-featured-img":"","footer-sml-layout":"","ast-disable-related-posts":"","theme-transparent-header-meta":"default","adv-header-id-meta":"","stick-header-meta":"","header-above-stick-meta":"","header-main-stick-meta":"","header-below-stick-meta":"","astra-migrate-meta-layouts":"default","ast-page-background-enabled":"default","ast-page-background-meta":{"desktop":{"background-color":"var(--ast-global-color-4)","background-image":"","background-repeat":"repeat","background-position":"center center","background-size":"auto","background-attachment":"scroll","background-type":"","background-media":"","overlay-type":"","overlay-color":"","overlay-opacity":"","overlay-gradient":""},"tablet":{"background-color":"","background-image":"","background-repeat":"repeat","background-position":"center center","background-size":"auto","background-attachment":"scroll","background-type":"","background-media":"","overlay-type":"","overlay-color":"","overlay-opacity":"","overlay-gradient":""},"mobile":{"background-color":"","background-image":"","background-repeat":"repeat","background-position":"center center","background-size":"auto","background-attachment":"scroll","background-type":"","background-media":"","overlay-type":"","overlay-color":"","overlay-opacity":"","overlay-gradient":""}},"ast-content-background-meta":{"desktop":{"background-color":"var(--ast-global-color-5)","background-image":"","background-repeat":"repeat","background-position":"center center","background-size":"auto","background-attachment":"scroll","background-type":"","background-media":"","overlay-type":"","overlay-color":"","overlay-opacity":"","overlay-gradient":""},"tablet":{"background-color":"var(--ast-global-color-5)","background-image":"","background-repeat":"repeat","background-position":"center center","background-size":"auto","background-attachment":"scroll","background-type":"","background-media":"","overlay-type":"","overlay-color":"","overlay-opacity":"","overlay-gradient":""},"mobile":{"background-color":"var(--ast-global-color-5)","background-image":"","background-repeat":"repeat","background-position":"center center","background-size":"auto","background-attachment":"scroll","background-type":"","background-media":"","overlay-type":"","overlay-color":"","overlay-opacity":"","overlay-gradient":""}}},"product_brand":[],"product_cat":[23,27,15,71],"product_tag":[94,104],"class_list":{"0":"post-3179","1":"product","2":"type-product","3":"status-publish","4":"has-post-thumbnail","6":"product_cat-cadeiras","7":"product_cat-mesas","8":"product_cat-todos","9":"product_cat-vendidos","10":"product_tag-autoria-desconhecida-conjunto-de-jantar","11":"product_tag-venda-especial-ii","12":"desktop-align-left","13":"tablet-align-left","14":"mobile-align-left","16":"first","17":"outofstock","18":"shipping-taxable","19":"product-type-simple"},"aioseo_notices":[],"_links":{"self":[{"href":"https:\/\/lipefurniture.com\/en\/wp-json\/wp\/v2\/product\/3179","targetHints":{"allow":["GET"]}}],"collection":[{"href":"https:\/\/lipefurniture.com\/en\/wp-json\/wp\/v2\/product"}],"about":[{"href":"https:\/\/lipefurniture.com\/en\/wp-json\/wp\/v2\/types\/product"}],"wp:featuredmedia":[{"embeddable":true,"href":"https:\/\/lipefurniture.com\/en\/wp-json\/wp\/v2\/media\/3180"}],"wp:attachment":[{"href":"https:\/\/lipefurniture.com\/en\/wp-json\/wp\/v2\/media?parent=3179"}],"wp:term":[{"taxonomy":"product_brand","embeddable":true,"href":"https:\/\/lipefurniture.com\/en\/wp-json\/wp\/v2\/product_brand?post=3179"},{"taxonomy":"product_cat","embeddable":true,"href":"https:\/\/lipefurniture.com\/en\/wp-json\/wp\/v2\/product_cat?post=3179"},{"taxonomy":"product_tag","embeddable":true,"href":"https:\/\/lipefurniture.com\/en\/wp-json\/wp\/v2\/product_tag?post=3179"}],"curies":[{"name":"wp","href":"https:\/\/api.w.org\/{rel}","templated":true}]}}