{"id":8926,"date":"2025-11-06T20:35:14","date_gmt":"2025-11-06T23:35:14","guid":{"rendered":"https:\/\/lipefurniture.com\/?page_id=8926"},"modified":"2025-11-06T21:39:18","modified_gmt":"2025-11-07T00:39:18","slug":"nicole-e-luiza-toldi","status":"publish","type":"page","link":"https:\/\/lipefurniture.com\/en\/nicole-e-luiza-toldi\/","title":{"rendered":"Nicole e Luiza Toldi"},"content":{"rendered":"<div data-elementor-type=\"wp-page\" data-elementor-id=\"8926\" class=\"elementor elementor-8926\">\n\t\t\t\t\t\t<section class=\"elementor-section elementor-top-section elementor-element elementor-element-4c7cbe9 elementor-hidden-desktop elementor-hidden-tablet elementor-hidden-mobile elementor-section-boxed elementor-section-height-default elementor-section-height-default\" data-id=\"4c7cbe9\" data-element_type=\"section\" data-e-type=\"section\">\n\t\t\t\t\t\t<div class=\"elementor-container elementor-column-gap-default\">\n\t\t\t\t\t<div class=\"elementor-column elementor-col-100 elementor-top-column elementor-element elementor-element-b77f4d3\" data-id=\"b77f4d3\" data-element_type=\"column\" data-e-type=\"column\">\n\t\t\t<div class=\"elementor-widget-wrap elementor-element-populated\">\n\t\t\t\t\t\t<div class=\"elementor-element elementor-element-35ce0f6 elementor-widget elementor-widget-heading\" data-id=\"35ce0f6\" data-element_type=\"widget\" data-e-type=\"widget\" data-widget_type=\"heading.default\">\n\t\t\t\t<div class=\"elementor-widget-container\">\n\t\t\t\t\t<h4 class=\"elementor-heading-title elementor-size-default\">Nicole e Luiza Toldi<\/h4>\t\t\t\t<\/div>\n\t\t\t\t<\/div>\n\t\t\t\t\t<\/div>\n\t\t<\/div>\n\t\t\t\t\t<\/div>\n\t\t<\/section>\n\t\t\t\t<section class=\"elementor-section elementor-top-section elementor-element elementor-element-d425ae2 elementor-section-full_width elementor-section-height-default elementor-section-height-default\" data-id=\"d425ae2\" data-element_type=\"section\" data-e-type=\"section\">\n\t\t\t\t\t\t<div class=\"elementor-container elementor-column-gap-default\">\n\t\t\t\t\t<div class=\"elementor-column elementor-col-100 elementor-top-column elementor-element elementor-element-91b998d\" data-id=\"91b998d\" data-element_type=\"column\" data-e-type=\"column\">\n\t\t\t<div class=\"elementor-widget-wrap elementor-element-populated\">\n\t\t\t\t\t\t<div class=\"elementor-element elementor-element-3944922 elementor-widget elementor-widget-shortcode\" data-id=\"3944922\" data-element_type=\"widget\" data-e-type=\"widget\" data-widget_type=\"shortcode.default\">\n\t\t\t\t<div class=\"elementor-widget-container\">\n\t\t\t\t\t\t\t<div class=\"elementor-shortcode\"><figure><img fetchpriority=\"high\" decoding=\"async\" width=\"2560\" height=\"1440\" src=\"https:\/\/lipefurniture.com\/wp-content\/uploads\/2025\/11\/IMG_0671-scaled.webp\" class=\"refresh-image\" alt=\"\" srcset=\"https:\/\/lipefurniture.com\/wp-content\/uploads\/2025\/11\/IMG_0671-scaled.webp 2560w, https:\/\/lipefurniture.com\/wp-content\/uploads\/2025\/11\/IMG_0671-300x169.webp 300w, https:\/\/lipefurniture.com\/wp-content\/uploads\/2025\/11\/IMG_0671-1701x957.webp 1701w, https:\/\/lipefurniture.com\/wp-content\/uploads\/2025\/11\/IMG_0671-768x432.webp 768w, https:\/\/lipefurniture.com\/wp-content\/uploads\/2025\/11\/IMG_0671-1536x864.webp 1536w, https:\/\/lipefurniture.com\/wp-content\/uploads\/2025\/11\/IMG_0671-2048x1152.webp 2048w, https:\/\/lipefurniture.com\/wp-content\/uploads\/2025\/11\/IMG_0671-18x10.webp 18w, https:\/\/lipefurniture.com\/wp-content\/uploads\/2025\/11\/IMG_0671-600x338.webp 600w\" sizes=\"(max-width: 2560px) 100vw, 2560px\" \/><\/figure><\/div>\n\t\t\t\t\t\t<\/div>\n\t\t\t\t<\/div>\n\t\t\t\t\t<\/div>\n\t\t<\/div>\n\t\t\t\t\t<\/div>\n\t\t<\/section>\n\t\t\t\t<section class=\"elementor-section elementor-top-section elementor-element elementor-element-a2bef64 elementor-section-boxed elementor-section-height-default elementor-section-height-default\" data-id=\"a2bef64\" data-element_type=\"section\" data-e-type=\"section\">\n\t\t\t\t\t\t<div class=\"elementor-container elementor-column-gap-default\">\n\t\t\t\t\t<div class=\"elementor-column elementor-col-50 elementor-top-column elementor-element elementor-element-64e79e6\" data-id=\"64e79e6\" data-element_type=\"column\" data-e-type=\"column\">\n\t\t\t<div class=\"elementor-widget-wrap elementor-element-populated\">\n\t\t\t\t\t\t<div class=\"elementor-element elementor-element-e700e31 elementor-widget elementor-widget-text-editor\" data-id=\"e700e31\" data-element_type=\"widget\" data-e-type=\"widget\" data-widget_type=\"text-editor.default\">\n\t\t\t\t<div class=\"elementor-widget-container\">\n\t\t\t\t\t\t\t\t\t<p style=\"font-size: 12px; font-style: normal; font-weight: 200; text-align: justify;\"><strong>O Brasil \u00e9 raro.<\/strong><\/p><p style=\"font-size: 12px; font-style: normal; font-weight: 200; text-align: justify;\">Essa \u00e9 a cren\u00e7a \u2014 e a declara\u00e7\u00e3o de marca \u2014 da <strong>Lipe Mobili\u00e1rio<\/strong>.<\/p><p style=\"font-size: 12px; font-style: normal; font-weight: 200; text-align: justify;\">Nas m\u00e3os de <strong>Nicole e Luiza Toldi<\/strong>, essa ideia ganha forma, textura e alma.<\/p><p style=\"font-size: 12px; font-style: normal; font-weight: 200; text-align: justify;\">M\u00e3e e filha, artistas de um mesmo sopro, deixaram o ritmo do grande centro para se aproximar do essencial: o tempo do fazer, o sil\u00eancio do entorno, a mat\u00e9ria viva da natureza.<\/p>\t\t\t\t\t\t\t\t<\/div>\n\t\t\t\t<\/div>\n\t\t\t\t\t<\/div>\n\t\t<\/div>\n\t\t\t\t<div class=\"elementor-column elementor-col-50 elementor-top-column elementor-element elementor-element-9272f8a\" data-id=\"9272f8a\" data-element_type=\"column\" data-e-type=\"column\">\n\t\t\t<div class=\"elementor-widget-wrap elementor-element-populated\">\n\t\t\t\t\t\t<div class=\"elementor-element elementor-element-26ed426 elementor-widget elementor-widget-text-editor\" data-id=\"26ed426\" data-element_type=\"widget\" data-e-type=\"widget\" data-widget_type=\"text-editor.default\">\n\t\t\t\t<div class=\"elementor-widget-container\">\n\t\t\t\t\t\t\t\t\t<p>Em suas cer\u00e2micas, o gesto \u00e9 rito, o barro \u00e9 mem\u00f3ria e o fogo, o instante em que a terra se transforma em arte.<\/p><p>O resultado do trabalho \u00e9 a express\u00e3o de um Brasil sens\u00edvel, profundo, raro, onde tradi\u00e7\u00e3o, afeto e inven\u00e7\u00e3o se tocam.<\/p><p>Agora, parte do nosso acervo. <strong>Bom desfrute.<\/strong><\/p>\t\t\t\t\t\t\t\t<\/div>\n\t\t\t\t<\/div>\n\t\t\t\t\t<\/div>\n\t\t<\/div>\n\t\t\t\t\t<\/div>\n\t\t<\/section>\n\t\t\t\t<section class=\"elementor-section elementor-top-section elementor-element elementor-element-7b16cde elementor-section-boxed elementor-section-height-default elementor-section-height-default\" data-id=\"7b16cde\" data-element_type=\"section\" data-e-type=\"section\">\n\t\t\t\t\t\t<div class=\"elementor-container elementor-column-gap-default\">\n\t\t\t\t\t<div class=\"elementor-column elementor-col-50 elementor-top-column elementor-element elementor-element-70a2109\" data-id=\"70a2109\" data-element_type=\"column\" data-e-type=\"column\">\n\t\t\t<div class=\"elementor-widget-wrap elementor-element-populated\">\n\t\t\t\t\t\t<div class=\"elementor-element elementor-element-e2558eb elementor-widget elementor-widget-heading\" data-id=\"e2558eb\" data-element_type=\"widget\" data-e-type=\"widget\" data-widget_type=\"heading.default\">\n\t\t\t\t<div class=\"elementor-widget-container\">\n\t\t\t\t\t<h4 class=\"elementor-heading-title elementor-size-default\">SELECTED PIECES<\/h4>\t\t\t\t<\/div>\n\t\t\t\t<\/div>\n\t\t\t\t\t<\/div>\n\t\t<\/div>\n\t\t\t\t<div class=\"elementor-column elementor-col-50 elementor-top-column elementor-element elementor-element-3cba643\" data-id=\"3cba643\" data-element_type=\"column\" data-e-type=\"column\">\n\t\t\t<div class=\"elementor-widget-wrap elementor-element-populated\">\n\t\t\t\t\t\t<div class=\"elementor-element elementor-element-7ce2b1f elementor-align-right elementor-mobile-align-center elementor-hidden-desktop elementor-hidden-tablet elementor-hidden-mobile elementor-widget elementor-widget-button\" data-id=\"7ce2b1f\" data-element_type=\"widget\" data-e-type=\"widget\" data-widget_type=\"button.default\">\n\t\t\t\t<div class=\"elementor-widget-container\">\n\t\t\t\t\t\t\t\t\t<div class=\"elementor-button-wrapper\">\n\t\t\t\t\t<a class=\"elementor-button elementor-button-link elementor-size-sm\" href=\"\/en\/acervo\/?orderby=by_stock\">\n\t\t\t\t\t\t<span class=\"elementor-button-content-wrapper\">\n\t\t\t\t\t\t\t\t\t<span class=\"elementor-button-text\">See more<\/span>\n\t\t\t\t\t<\/span>\n\t\t\t\t\t<\/a>\n\t\t\t\t<\/div>\n\t\t\t\t\t\t\t\t<\/div>\n\t\t\t\t<\/div>\n\t\t\t\t\t<\/div>\n\t\t<\/div>\n\t\t\t\t\t<\/div>\n\t\t<\/section>\n\t\t\t\t<section class=\"elementor-section elementor-top-section elementor-element elementor-element-8880781 elementor-section-boxed elementor-section-height-default elementor-section-height-default\" data-id=\"8880781\" data-element_type=\"section\" data-e-type=\"section\">\n\t\t\t\t\t\t<div class=\"elementor-container elementor-column-gap-default\">\n\t\t\t\t\t<div class=\"elementor-column elementor-col-100 elementor-top-column elementor-element elementor-element-597627a\" data-id=\"597627a\" data-element_type=\"column\" data-e-type=\"column\">\n\t\t\t<div class=\"elementor-widget-wrap elementor-element-populated\">\n\t\t\t\t\t\t<div class=\"elementor-element elementor-element-e396dca premium-woo-product-align-left premium-qv-hidden-yes elementor-widget elementor-widget-premium-woo-products\" data-id=\"e396dca\" data-element_type=\"widget\" data-e-type=\"widget\" data-widget_type=\"premium-woo-products.grid-6\">\n\t\t\t\t<div class=\"elementor-widget-container\">\n\t\t\t\t\t<div class=\"premium-woocommerce premium-woo-products-grid premium-woo-skin-grid-6 premium-woo-query-custom\" data-page-id=\"8926\" data-skin=\"grid_6\" data-quick-view=\"\"><div class=\"premium-woo-products-inner premium-woo-product__hover-swap\"><ul class=\"products columns-2\">\n\n<li class=\"post-9539 product first instock shipping-taxable purchasable product-type-simple\">\n\t<div class=\"premium-woo-product-wrapper premium-con-lq__none\">\n\t\t<div class=\"premium-woo-product-thumbnail\"><a href=\"https:\/\/lipefurniture.com\/en\/acervo\/anonimo-banco-ripado\/\" class=\"woocommerce-LoopProduct-link woocommerce-loop-product__link\"><img decoding=\"async\" src=\"https:\/\/lipefurniture.com\/wp-content\/uploads\/2025\/12\/DSC4435.jpg\" alt=\"\"><img decoding=\"async\" width=\"2000\" height=\"1335\" src=\"https:\/\/lipefurniture.com\/wp-content\/uploads\/2025\/12\/DSC4428-1.jpg\" class=\"premium-woo-product__on_hover\" alt=\"\" \/><\/a><div class=\"premium-woo-product-gallery-images\"><img decoding=\"async\" width=\"2000\" height=\"1335\" src=\"https:\/\/lipefurniture.com\/wp-content\/uploads\/2025\/12\/DSC4428-1.jpg\" class=\"premium-woo-product__gallery_image\" alt=\"\" \/><img loading=\"lazy\" decoding=\"async\" width=\"2000\" height=\"1335\" src=\"https:\/\/lipefurniture.com\/wp-content\/uploads\/2025\/12\/DSC4429-1.jpg\" class=\"premium-woo-product__gallery_image\" alt=\"\" \/><img loading=\"lazy\" decoding=\"async\" width=\"1335\" height=\"2000\" src=\"https:\/\/lipefurniture.com\/wp-content\/uploads\/2025\/12\/DSC4432.jpg\" class=\"premium-woo-product__gallery_image\" alt=\"\" \/><\/div><\/div><div class=\"premium-woo-products-details-wrap\"><a href=\"https:\/\/lipefurniture.com\/en\/acervo\/anonimo-banco-ripado\/\" class=\"premium-woo-product__link\"><h2 class=\"woocommerce-loop-product__title\">An\u00f4nimo &#8211; Banco ripado<\/h2><\/a><div class=\"premium-woo-product-info\"><\/div><\/div>\t<\/div>\n<\/li>\n\n<li class=\"post-9538 product last instock shipping-taxable purchasable product-type-simple\">\n\t<div class=\"premium-woo-product-wrapper premium-con-lq__none\">\n\t\t<div class=\"premium-woo-product-thumbnail\"><a href=\"https:\/\/lipefurniture.com\/en\/acervo\/joaquim-tenreiro-par-de-poltronas-concha\/\" class=\"woocommerce-LoopProduct-link woocommerce-loop-product__link\"><img decoding=\"async\" src=\"https:\/\/lipefurniture.com\/wp-content\/uploads\/2025\/12\/DSC6211.jpg\" alt=\"\"><img loading=\"lazy\" decoding=\"async\" width=\"1335\" height=\"2000\" src=\"https:\/\/lipefurniture.com\/wp-content\/uploads\/2025\/12\/DSC6217.jpg\" class=\"premium-woo-product__on_hover\" alt=\"\" \/><\/a><div class=\"premium-woo-product-gallery-images\"><img loading=\"lazy\" decoding=\"async\" width=\"1335\" height=\"2000\" src=\"https:\/\/lipefurniture.com\/wp-content\/uploads\/2025\/12\/DSC6217.jpg\" class=\"premium-woo-product__gallery_image\" alt=\"\" \/><img loading=\"lazy\" decoding=\"async\" width=\"1335\" height=\"2000\" src=\"https:\/\/lipefurniture.com\/wp-content\/uploads\/2025\/12\/DSC6216.jpg\" class=\"premium-woo-product__gallery_image\" alt=\"\" \/><img loading=\"lazy\" decoding=\"async\" width=\"1335\" height=\"2000\" src=\"https:\/\/lipefurniture.com\/wp-content\/uploads\/2025\/12\/DSC6218.jpg\" class=\"premium-woo-product__gallery_image\" alt=\"\" \/><\/div><\/div><div class=\"premium-woo-products-details-wrap\"><a href=\"https:\/\/lipefurniture.com\/en\/acervo\/joaquim-tenreiro-par-de-poltronas-concha\/\" class=\"premium-woo-product__link\"><h2 class=\"woocommerce-loop-product__title\">Joaquim Tenreiro &#8211; Par de poltronas Concha<\/h2><\/a><div class=\"premium-woo-product-info\"><\/div><\/div>\t<\/div>\n<\/li>\n\n<li class=\"post-9537 product first instock shipping-taxable purchasable product-type-simple\">\n\t<div class=\"premium-woo-product-wrapper premium-con-lq__none\">\n\t\t<div class=\"premium-woo-product-thumbnail\"><a href=\"https:\/\/lipefurniture.com\/en\/acervo\/joaquim-tenreiro-sofa-dois-lugares\/\" class=\"woocommerce-LoopProduct-link woocommerce-loop-product__link\"><img decoding=\"async\" src=\"https:\/\/lipefurniture.com\/wp-content\/uploads\/2025\/12\/DSC6454.jpg\" alt=\"\"><img loading=\"lazy\" decoding=\"async\" width=\"2000\" height=\"1335\" src=\"https:\/\/lipefurniture.com\/wp-content\/uploads\/2025\/12\/DSC6458.jpg\" class=\"premium-woo-product__on_hover\" alt=\"\" \/><\/a><div class=\"premium-woo-product-gallery-images\"><img loading=\"lazy\" decoding=\"async\" width=\"2000\" height=\"1335\" src=\"https:\/\/lipefurniture.com\/wp-content\/uploads\/2025\/12\/DSC6458.jpg\" class=\"premium-woo-product__gallery_image\" alt=\"\" \/><img loading=\"lazy\" decoding=\"async\" width=\"1335\" height=\"2000\" src=\"https:\/\/lipefurniture.com\/wp-content\/uploads\/2025\/12\/DSC6460.jpg\" class=\"premium-woo-product__gallery_image\" alt=\"\" \/><img loading=\"lazy\" decoding=\"async\" width=\"2000\" height=\"1335\" src=\"https:\/\/lipefurniture.com\/wp-content\/uploads\/2025\/12\/DSC6461.jpg\" class=\"premium-woo-product__gallery_image\" alt=\"\" \/><\/div><\/div><div class=\"premium-woo-products-details-wrap\"><a href=\"https:\/\/lipefurniture.com\/en\/acervo\/joaquim-tenreiro-sofa-dois-lugares\/\" class=\"premium-woo-product__link\"><h2 class=\"woocommerce-loop-product__title\">Joaquim Tenreiro &#8211; Sof\u00e1 dois lugares<\/h2><\/a><div class=\"premium-woo-product-info\"><\/div><\/div>\t<\/div>\n<\/li>\n\n<li class=\"post-9536 product last outofstock shipping-taxable purchasable product-type-simple\">\n\t<div class=\"premium-woo-product-wrapper premium-con-lq__none\">\n\t\t<div class=\"premium-woo-product-thumbnail\"><span class=\"pa-out-of-stock\">Esgotado<\/span><a href=\"https:\/\/lipefurniture.com\/en\/acervo\/joaquim-tenreiro-cadeira\/\" class=\"woocommerce-LoopProduct-link woocommerce-loop-product__link\"><img decoding=\"async\" src=\"https:\/\/lipefurniture.com\/wp-content\/uploads\/2025\/12\/DSC6098.jpg\" alt=\"\"><img loading=\"lazy\" decoding=\"async\" width=\"1335\" height=\"2000\" src=\"https:\/\/lipefurniture.com\/wp-content\/uploads\/2025\/12\/DSC6099.jpg\" class=\"premium-woo-product__on_hover\" alt=\"\" \/><\/a><div class=\"premium-woo-product-gallery-images\"><img loading=\"lazy\" decoding=\"async\" width=\"1335\" height=\"2000\" src=\"https:\/\/lipefurniture.com\/wp-content\/uploads\/2025\/12\/DSC6099.jpg\" class=\"premium-woo-product__gallery_image\" alt=\"\" \/><img loading=\"lazy\" decoding=\"async\" width=\"1335\" height=\"2000\" src=\"https:\/\/lipefurniture.com\/wp-content\/uploads\/2025\/12\/DSC6100.jpg\" class=\"premium-woo-product__gallery_image\" alt=\"\" \/><img loading=\"lazy\" decoding=\"async\" width=\"1335\" height=\"2000\" src=\"https:\/\/lipefurniture.com\/wp-content\/uploads\/2025\/12\/DSC6101.jpg\" class=\"premium-woo-product__gallery_image\" alt=\"\" \/><\/div><\/div><div class=\"premium-woo-products-details-wrap\"><a href=\"https:\/\/lipefurniture.com\/en\/acervo\/joaquim-tenreiro-cadeira\/\" class=\"premium-woo-product__link\"><h2 class=\"woocommerce-loop-product__title\">Joaquim Tenreiro &#8211; Cadeira<\/h2><\/a><div class=\"premium-woo-product-info\"><\/div><\/div>\t<\/div>\n<\/li>\n<\/ul>\n<\/div><\/div>\t\t\t\t<\/div>\n\t\t\t\t<\/div>\n\t\t\t\t\t<\/div>\n\t\t<\/div>\n\t\t\t\t\t<\/div>\n\t\t<\/section>\n\t\t\t\t<\/div>","protected":false},"excerpt":{"rendered":"<p>Nicole e Luiza Toldi O Brasil \u00e9 raro. Essa \u00e9 a cren\u00e7a \u2014 e a declara\u00e7\u00e3o de marca \u2014 da Lipe Mobili\u00e1rio. Nas m\u00e3os de Nicole e Luiza Toldi, essa ideia ganha forma, textura e alma. M\u00e3e e filha, artistas de um mesmo sopro, deixaram o ritmo do grande centro para se aproximar do essencial: [&hellip;]<\/p>\n","protected":false},"author":1,"featured_media":0,"parent":0,"menu_order":0,"comment_status":"closed","ping_status":"closed","template":"","meta":{"_eb_attr":"","site-sidebar-layout":"no-sidebar","site-content-layout":"page-builder","ast-site-content-layout":"default","site-content-style":"default","site-sidebar-style":"default","ast-global-header-display":"","ast-banner-title-visibility":"","ast-main-header-display":"","ast-hfb-above-header-display":"","ast-hfb-below-header-display":"","ast-hfb-mobile-header-display":"","site-post-title":"disabled","ast-breadcrumbs-content":"","ast-featured-img":"disabled","footer-sml-layout":"","ast-disable-related-posts":"","theme-transparent-header-meta":"","adv-header-id-meta":"","stick-header-meta":"","header-above-stick-meta":"","header-main-stick-meta":"","header-below-stick-meta":"","astra-migrate-meta-layouts":"default","ast-page-background-enabled":"default","ast-page-background-meta":{"desktop":{"background-color":"var(--ast-global-color-4)","background-image":"","background-repeat":"repeat","background-position":"center center","background-size":"auto","background-attachment":"scroll","background-type":"","background-media":"","overlay-type":"","overlay-color":"","overlay-opacity":"","overlay-gradient":""},"tablet":{"background-color":"","background-image":"","background-repeat":"repeat","background-position":"center center","background-size":"auto","background-attachment":"scroll","background-type":"","background-media":"","overlay-type":"","overlay-color":"","overlay-opacity":"","overlay-gradient":""},"mobile":{"background-color":"","background-image":"","background-repeat":"repeat","background-position":"center center","background-size":"auto","background-attachment":"scroll","background-type":"","background-media":"","overlay-type":"","overlay-color":"","overlay-opacity":"","overlay-gradient":""}},"ast-content-background-meta":{"desktop":{"background-color":"var(--ast-global-color-5)","background-image":"","background-repeat":"repeat","background-position":"center center","background-size":"auto","background-attachment":"scroll","background-type":"","background-media":"","overlay-type":"","overlay-color":"","overlay-opacity":"","overlay-gradient":""},"tablet":{"background-color":"var(--ast-global-color-5)","background-image":"","background-repeat":"repeat","background-position":"center center","background-size":"auto","background-attachment":"scroll","background-type":"","background-media":"","overlay-type":"","overlay-color":"","overlay-opacity":"","overlay-gradient":""},"mobile":{"background-color":"var(--ast-global-color-5)","background-image":"","background-repeat":"repeat","background-position":"center center","background-size":"auto","background-attachment":"scroll","background-type":"","background-media":"","overlay-type":"","overlay-color":"","overlay-opacity":"","overlay-gradient":""}},"footnotes":""},"class_list":["post-8926","page","type-page","status-publish","hentry","desktop-align-left","tablet-align-left","mobile-align-left"],"aioseo_notices":[],"_links":{"self":[{"href":"https:\/\/lipefurniture.com\/en\/wp-json\/wp\/v2\/pages\/8926","targetHints":{"allow":["GET"]}}],"collection":[{"href":"https:\/\/lipefurniture.com\/en\/wp-json\/wp\/v2\/pages"}],"about":[{"href":"https:\/\/lipefurniture.com\/en\/wp-json\/wp\/v2\/types\/page"}],"author":[{"embeddable":true,"href":"https:\/\/lipefurniture.com\/en\/wp-json\/wp\/v2\/users\/1"}],"replies":[{"embeddable":true,"href":"https:\/\/lipefurniture.com\/en\/wp-json\/wp\/v2\/comments?post=8926"}],"version-history":[{"count":49,"href":"https:\/\/lipefurniture.com\/en\/wp-json\/wp\/v2\/pages\/8926\/revisions"}],"predecessor-version":[{"id":8995,"href":"https:\/\/lipefurniture.com\/en\/wp-json\/wp\/v2\/pages\/8926\/revisions\/8995"}],"wp:attachment":[{"href":"https:\/\/lipefurniture.com\/en\/wp-json\/wp\/v2\/media?parent=8926"}],"curies":[{"name":"wp","href":"https:\/\/api.w.org\/{rel}","templated":true}]}}