{"id":2967,"date":"2023-01-15T00:49:39","date_gmt":"2023-01-15T00:49:39","guid":{"rendered":"https:\/\/lipefurniture.com\/?page_id=2967"},"modified":"2026-03-25T17:52:22","modified_gmt":"2026-03-25T20:52:22","slug":"leiloes","status":"publish","type":"page","link":"https:\/\/lipefurniture.com\/en\/leiloes\/","title":{"rendered":"Auctions"},"content":{"rendered":"<div data-elementor-type=\"wp-page\" data-elementor-id=\"2967\" class=\"elementor elementor-2967\">\n\t\t\t\t\t\t<section class=\"elementor-section elementor-top-section elementor-element elementor-element-10963cc elementor-section-boxed elementor-section-height-default elementor-section-height-default\" data-id=\"10963cc\" data-element_type=\"section\" data-e-type=\"section\">\n\t\t\t\t\t\t<div class=\"elementor-container elementor-column-gap-default\">\n\t\t\t\t\t<div class=\"elementor-column elementor-col-100 elementor-top-column elementor-element elementor-element-1fd40c6\" data-id=\"1fd40c6\" data-element_type=\"column\" data-e-type=\"column\">\n\t\t\t<div class=\"elementor-widget-wrap elementor-element-populated\">\n\t\t\t\t\t\t<div class=\"elementor-element elementor-element-6d75113 elementor-widget elementor-widget-heading\" data-id=\"6d75113\" data-element_type=\"widget\" data-e-type=\"widget\" data-widget_type=\"heading.default\">\n\t\t\t\t<div class=\"elementor-widget-container\">\n\t\t\t\t\t<h4 class=\"elementor-heading-title elementor-size-default\"><a href=\"https:\/\/www.lipemobiliario.com.br\/\" target=\"_blank\">PR\u00d3XIMO LEIL\u00c3O EM ABRIL<\/a><\/h4>\t\t\t\t<\/div>\n\t\t\t\t<\/div>\n\t\t\t\t\t<\/div>\n\t\t<\/div>\n\t\t\t\t\t<\/div>\n\t\t<\/section>\n\t\t\t\t<section class=\"elementor-section elementor-top-section elementor-element elementor-element-353cf91 elementor-section-boxed elementor-section-height-default elementor-section-height-default\" data-id=\"353cf91\" data-element_type=\"section\" data-e-type=\"section\">\n\t\t\t\t\t\t<div class=\"elementor-container elementor-column-gap-default\">\n\t\t\t\t\t<div class=\"elementor-column elementor-col-100 elementor-top-column elementor-element elementor-element-a69a67b\" data-id=\"a69a67b\" data-element_type=\"column\" data-e-type=\"column\">\n\t\t\t<div class=\"elementor-widget-wrap elementor-element-populated\">\n\t\t\t\t\t\t<div class=\"elementor-element elementor-element-f99ab7e elementor-widget elementor-widget-text-editor\" data-id=\"f99ab7e\" data-element_type=\"widget\" data-e-type=\"widget\" data-widget_type=\"text-editor.default\">\n\t\t\t\t<div class=\"elementor-widget-container\">\n\t\t\t\t\t\t\t\t\t<h3 style=\"text-align: center;font-size: 14px\">The great bid<\/h3>\t\t\t\t\t\t\t\t<\/div>\n\t\t\t\t<\/div>\n\t\t\t\t\t<\/div>\n\t\t<\/div>\n\t\t\t\t\t<\/div>\n\t\t<\/section>\n\t\t\t\t<section class=\"elementor-section elementor-top-section elementor-element elementor-element-829a7a1 elementor-hidden-desktop elementor-hidden-tablet elementor-hidden-mobile elementor-section-boxed elementor-section-height-default elementor-section-height-default\" data-id=\"829a7a1\" data-element_type=\"section\" data-e-type=\"section\">\n\t\t\t\t\t\t<div class=\"elementor-container elementor-column-gap-default\">\n\t\t\t\t\t<div class=\"elementor-column elementor-col-100 elementor-top-column elementor-element elementor-element-bd6e212\" data-id=\"bd6e212\" data-element_type=\"column\" data-e-type=\"column\">\n\t\t\t<div class=\"elementor-widget-wrap elementor-element-populated\">\n\t\t\t\t\t\t<div class=\"elementor-element elementor-element-ae60752 elementor-widget elementor-widget-heading\" data-id=\"ae60752\" data-element_type=\"widget\" data-e-type=\"widget\" data-widget_type=\"heading.default\">\n\t\t\t\t<div class=\"elementor-widget-container\">\n\t\t\t\t\t<h4 class=\"elementor-heading-title elementor-size-default\"><a href=\"https:\/\/www.lipemobiliario.com.br\/catalogo.asp?Num=60452&#038;Nav=lista&#038;Sec=Catalogo&#038;Pag=1&#038;Srt=0\" target=\"_blank\">LEIL\u00c3O DIA 24 DE MAR\u00c7O, \u00c0S 19H<\/a><\/h4>\t\t\t\t<\/div>\n\t\t\t\t<\/div>\n\t\t\t\t\t<\/div>\n\t\t<\/div>\n\t\t\t\t\t<\/div>\n\t\t<\/section>\n\t\t\t\t<section class=\"elementor-section elementor-top-section elementor-element elementor-element-34a8b99 elementor-hidden-desktop elementor-hidden-tablet elementor-hidden-mobile elementor-section-boxed elementor-section-height-default elementor-section-height-default\" data-id=\"34a8b99\" data-element_type=\"section\" data-e-type=\"section\">\n\t\t\t\t\t\t<div class=\"elementor-container elementor-column-gap-default\">\n\t\t\t\t\t<div class=\"elementor-column elementor-col-100 elementor-top-column elementor-element elementor-element-f7401a5\" data-id=\"f7401a5\" data-element_type=\"column\" data-e-type=\"column\">\n\t\t\t<div class=\"elementor-widget-wrap elementor-element-populated\">\n\t\t\t\t\t\t<div class=\"elementor-element elementor-element-042edec elementor-widget elementor-widget-heading\" data-id=\"042edec\" data-element_type=\"widget\" data-e-type=\"widget\" data-widget_type=\"heading.default\">\n\t\t\t\t<div class=\"elementor-widget-container\">\n\t\t\t\t\t<h4 class=\"elementor-heading-title elementor-size-default\"><a href=\"https:\/\/www.lipemobiliario.com.br\/catalogo.asp?Num=53251&#038;Nav=lista&#038;Sec=Catalogo&#038;Pag=1&#038;Srt=0\" target=\"_blank\">PROJETO IN\u00c9DITO NO AR. A ARTE DOS ENCONTROS ORIGINAIS.<\/a><\/h4>\t\t\t\t<\/div>\n\t\t\t\t<\/div>\n\t\t\t\t\t<\/div>\n\t\t<\/div>\n\t\t\t\t\t<\/div>\n\t\t<\/section>\n\t\t\t\t<section class=\"elementor-section elementor-top-section elementor-element elementor-element-d425ae2 elementor-section-full_width elementor-section-height-default elementor-section-height-default\" data-id=\"d425ae2\" data-element_type=\"section\" data-e-type=\"section\">\n\t\t\t\t\t\t<div class=\"elementor-container elementor-column-gap-default\">\n\t\t\t\t\t<div class=\"elementor-column elementor-col-100 elementor-top-column elementor-element elementor-element-91b998d\" data-id=\"91b998d\" data-element_type=\"column\" data-e-type=\"column\">\n\t\t\t<div class=\"elementor-widget-wrap elementor-element-populated\">\n\t\t\t\t\t\t<div class=\"elementor-element elementor-element-557a38a elementor-widget__width-inherit elementor-widget elementor-widget-image\" data-id=\"557a38a\" data-element_type=\"widget\" data-e-type=\"widget\" data-widget_type=\"image.default\">\n\t\t\t\t<div class=\"elementor-widget-container\">\n\t\t\t\t\t\t\t\t\t\t\t\t\t\t\t<img fetchpriority=\"high\" decoding=\"async\" width=\"2174\" height=\"1223\" src=\"https:\/\/lipefurniture.com\/wp-content\/uploads\/2023\/01\/DSC_6445-1.jpg\" class=\"attachment-full size-full wp-image-3004\" alt=\"\" srcset=\"https:\/\/lipefurniture.com\/wp-content\/uploads\/2023\/01\/DSC_6445-1.jpg 2174w, https:\/\/lipefurniture.com\/wp-content\/uploads\/2023\/01\/DSC_6445-1-600x338.jpg 600w, https:\/\/lipefurniture.com\/wp-content\/uploads\/2023\/01\/DSC_6445-1-300x169.jpg 300w, https:\/\/lipefurniture.com\/wp-content\/uploads\/2023\/01\/DSC_6445-1-1701x957.jpg 1701w, https:\/\/lipefurniture.com\/wp-content\/uploads\/2023\/01\/DSC_6445-1-768x432.jpg 768w, https:\/\/lipefurniture.com\/wp-content\/uploads\/2023\/01\/DSC_6445-1-1536x864.jpg 1536w, https:\/\/lipefurniture.com\/wp-content\/uploads\/2023\/01\/DSC_6445-1-2048x1152.jpg 2048w, https:\/\/lipefurniture.com\/wp-content\/uploads\/2023\/01\/DSC_6445-1-18x10.jpg 18w\" sizes=\"(max-width: 2174px) 100vw, 2174px\" \/>\t\t\t\t\t\t\t\t\t\t\t\t\t\t\t<\/div>\n\t\t\t\t<\/div>\n\t\t\t\t<div class=\"elementor-element elementor-element-3041500 elementor-widget__width-inherit elementor-hidden-desktop elementor-hidden-tablet elementor-hidden-mobile elementor-widget elementor-widget-image\" data-id=\"3041500\" data-element_type=\"widget\" data-e-type=\"widget\" data-widget_type=\"image.default\">\n\t\t\t\t<div class=\"elementor-widget-container\">\n\t\t\t\t\t\t\t\t\t\t\t\t\t\t\t\t<a href=\"https:\/\/www.lipemobiliario.com.br\/catalogo.asp?Num=60452&#038;Nav=lista&#038;Sec=Catalogo&#038;Pag=1&#038;Srt=0\" target=\"_blank\">\n\t\t\t\t\t\t\t<img decoding=\"async\" width=\"900\" height=\"1600\" src=\"https:\/\/lipefurniture.com\/wp-content\/uploads\/2026\/03\/WhatsApp-Image-2026-03-16-at-11.32.29.jpeg\" class=\"attachment-full size-full wp-image-9690\" alt=\"\" srcset=\"https:\/\/lipefurniture.com\/wp-content\/uploads\/2026\/03\/WhatsApp-Image-2026-03-16-at-11.32.29.jpeg 900w, https:\/\/lipefurniture.com\/wp-content\/uploads\/2026\/03\/WhatsApp-Image-2026-03-16-at-11.32.29-169x300.jpeg 169w, https:\/\/lipefurniture.com\/wp-content\/uploads\/2026\/03\/WhatsApp-Image-2026-03-16-at-11.32.29-538x957.jpeg 538w, https:\/\/lipefurniture.com\/wp-content\/uploads\/2026\/03\/WhatsApp-Image-2026-03-16-at-11.32.29-768x1365.jpeg 768w, https:\/\/lipefurniture.com\/wp-content\/uploads\/2026\/03\/WhatsApp-Image-2026-03-16-at-11.32.29-864x1536.jpeg 864w, https:\/\/lipefurniture.com\/wp-content\/uploads\/2026\/03\/WhatsApp-Image-2026-03-16-at-11.32.29-7x12.jpeg 7w, https:\/\/lipefurniture.com\/wp-content\/uploads\/2026\/03\/WhatsApp-Image-2026-03-16-at-11.32.29-600x1067.jpeg 600w\" sizes=\"(max-width: 900px) 100vw, 900px\" \/>\t\t\t\t\t\t\t\t<\/a>\n\t\t\t\t\t\t\t\t\t\t\t\t\t\t\t<\/div>\n\t\t\t\t<\/div>\n\t\t\t\t<div class=\"elementor-element elementor-element-098171a elementor-widget__width-inherit elementor-hidden-desktop elementor-hidden-tablet elementor-hidden-mobile elementor-widget elementor-widget-image\" data-id=\"098171a\" data-element_type=\"widget\" data-e-type=\"widget\" data-widget_type=\"image.default\">\n\t\t\t\t<div class=\"elementor-widget-container\">\n\t\t\t\t\t\t\t\t\t\t\t\t\t\t\t\t<a href=\"http:\/\/lipemobiliario.com.br\">\n\t\t\t\t\t\t\t<img decoding=\"async\" width=\"1920\" height=\"1080\" src=\"https:\/\/lipefurniture.com\/wp-content\/uploads\/2023\/06\/Home-Lipe-para-Todos.001.webp\" class=\"attachment-full size-full wp-image-4180\" alt=\"\" srcset=\"https:\/\/lipefurniture.com\/wp-content\/uploads\/2023\/06\/Home-Lipe-para-Todos.001.webp 1920w, https:\/\/lipefurniture.com\/wp-content\/uploads\/2023\/06\/Home-Lipe-para-Todos.001-300x169.webp 300w, https:\/\/lipefurniture.com\/wp-content\/uploads\/2023\/06\/Home-Lipe-para-Todos.001-1701x957.webp 1701w, https:\/\/lipefurniture.com\/wp-content\/uploads\/2023\/06\/Home-Lipe-para-Todos.001-768x432.webp 768w, https:\/\/lipefurniture.com\/wp-content\/uploads\/2023\/06\/Home-Lipe-para-Todos.001-1536x864.webp 1536w, https:\/\/lipefurniture.com\/wp-content\/uploads\/2023\/06\/Home-Lipe-para-Todos.001-18x10.webp 18w, https:\/\/lipefurniture.com\/wp-content\/uploads\/2023\/06\/Home-Lipe-para-Todos.001-600x338.webp 600w\" sizes=\"(max-width: 1920px) 100vw, 1920px\" \/>\t\t\t\t\t\t\t\t<\/a>\n\t\t\t\t\t\t\t\t\t\t\t\t\t\t\t<\/div>\n\t\t\t\t<\/div>\n\t\t\t\t\t<\/div>\n\t\t<\/div>\n\t\t\t\t\t<\/div>\n\t\t<\/section>\n\t\t\t\t<section class=\"elementor-section elementor-top-section elementor-element elementor-element-01d988a elementor-hidden-desktop elementor-hidden-tablet elementor-hidden-mobile elementor-section-boxed elementor-section-height-default elementor-section-height-default\" data-id=\"01d988a\" data-element_type=\"section\" data-e-type=\"section\">\n\t\t\t\t\t\t<div class=\"elementor-container elementor-column-gap-default\">\n\t\t\t\t\t<div class=\"elementor-column elementor-col-50 elementor-top-column elementor-element elementor-element-dc20569\" data-id=\"dc20569\" data-element_type=\"column\" data-e-type=\"column\">\n\t\t\t<div class=\"elementor-widget-wrap elementor-element-populated\">\n\t\t\t\t\t\t<div class=\"elementor-element elementor-element-109593f elementor-widget elementor-widget-text-editor\" data-id=\"109593f\" data-element_type=\"widget\" data-e-type=\"widget\" data-widget_type=\"text-editor.default\">\n\t\t\t\t<div class=\"elementor-widget-container\">\n\t\t\t\t\t\t\t\t\t<p style=\"font-size: 12px;font-style: normal;font-weight: 200;text-align: justify\"><strong>Esculpimos uma ideia em nossas cabe\u00e7as.<\/strong><\/p><p style=\"font-size: 12px;font-style: normal;font-weight: 200;text-align: justify\">A de que o bom design \u00e9 para todos e todas. Esculpimos a ideia de que seremos um ve\u00edculo para ampliar o alcance do talento nacional, aproximando novas pessoas da qualidade de um tempo em que pe\u00e7as eram feitas para durar. Design que honra o tempo. E que o recompensa com beleza e mem\u00f3ria.<\/p>\t\t\t\t\t\t\t\t<\/div>\n\t\t\t\t<\/div>\n\t\t\t\t\t<\/div>\n\t\t<\/div>\n\t\t\t\t<div class=\"elementor-column elementor-col-50 elementor-top-column elementor-element elementor-element-e950c51\" data-id=\"e950c51\" data-element_type=\"column\" data-e-type=\"column\">\n\t\t\t<div class=\"elementor-widget-wrap elementor-element-populated\">\n\t\t\t\t\t\t<div class=\"elementor-element elementor-element-d18ab35 elementor-widget elementor-widget-text-editor\" data-id=\"d18ab35\" data-element_type=\"widget\" data-e-type=\"widget\" data-widget_type=\"text-editor.default\">\n\t\t\t\t<div class=\"elementor-widget-container\">\n\t\t\t\t\t\t\t\t\t<p style=\"font-size: 12px;font-style: normal;font-weight: 200;text-align: justify\"><a href=\"http:\/\/lipemobiliario.com.br\"><span style=\"text-decoration: underline\"><strong>Aqui<\/strong><\/span><\/a>, nesse link nosso cat\u00e1logo, trazendo a segunda edi\u00e7\u00e3o de nosso <strong>Leil\u00e3o Lipe para Todos e Todas<\/strong>, nossa nova modalidade de leil\u00e3o, representado por pe\u00e7as, em grande parte, an\u00f4nimas, no estado, compondo um espa\u00e7o mais democr\u00e1tico, acess\u00edvel, com <strong>lances iniciais de R$ 100, para todas os mais de 180 trabalhos<\/strong>. Um lance para todas e todos.<\/p><p style=\"font-size: 12px;font-style: normal;font-weight: 200;text-align: justify\">Aqui, uma ilustra\u00e7\u00e3o do acervo que ganhar\u00e1 as noites do 5 e 6 de julho. <\/p><p style=\"font-size: 12px;font-style: normal;font-weight: 200;text-align: justify\">Bons lances. E obrigado.<\/p><p style=\"font-size: 12px;font-style: normal;font-weight: 200;text-align: justify\"><strong>Site j\u00e1 aberto a lances.<\/strong><\/p>\t\t\t\t\t\t\t\t<\/div>\n\t\t\t\t<\/div>\n\t\t\t\t\t<\/div>\n\t\t<\/div>\n\t\t\t\t\t<\/div>\n\t\t<\/section>\n\t\t\t\t<section class=\"elementor-section elementor-top-section elementor-element elementor-element-aa67750 elementor-section-boxed elementor-section-height-default elementor-section-height-default\" data-id=\"aa67750\" data-element_type=\"section\" data-e-type=\"section\">\n\t\t\t\t\t\t<div class=\"elementor-container elementor-column-gap-default\">\n\t\t\t\t\t<div class=\"elementor-column elementor-col-100 elementor-top-column elementor-element elementor-element-680ec14\" data-id=\"680ec14\" data-element_type=\"column\" data-e-type=\"column\">\n\t\t\t<div class=\"elementor-widget-wrap elementor-element-populated\">\n\t\t\t\t\t\t<div class=\"elementor-element elementor-element-36ca6a1 elementor-widget elementor-widget-text-editor\" data-id=\"36ca6a1\" data-element_type=\"widget\" data-e-type=\"widget\" data-widget_type=\"text-editor.default\">\n\t\t\t\t<div class=\"elementor-widget-container\">\n\t\t\t\t\t\t\t\t\t<h3 style=\"text-align: center;font-size: 14px\">We're curating pieces for our next auction.<\/h3>\t\t\t\t\t\t\t\t<\/div>\n\t\t\t\t<\/div>\n\t\t\t\t\t<\/div>\n\t\t<\/div>\n\t\t\t\t\t<\/div>\n\t\t<\/section>\n\t\t\t\t<\/div>","protected":false},"excerpt":{"rendered":"<p>PR\u00d3XIMO LEIL\u00c3O EM ABRIL O grande lance LEIL\u00c3O DIA 24 DE MAR\u00c7O, \u00c0S 19H PROJETO IN\u00c9DITO NO AR. A ARTE DOS ENCONTROS ORIGINAIS. Esculpimos uma ideia em nossas cabe\u00e7as. A de que o bom design \u00e9 para todos e todas. Esculpimos a ideia de que seremos um ve\u00edculo para ampliar o alcance do talento nacional, [&hellip;]<\/p>\n","protected":false},"author":1,"featured_media":0,"parent":0,"menu_order":0,"comment_status":"closed","ping_status":"closed","template":"","meta":{"_eb_attr":"","site-sidebar-layout":"no-sidebar","site-content-layout":"page-builder","ast-site-content-layout":"default","site-content-style":"default","site-sidebar-style":"default","ast-global-header-display":"","ast-banner-title-visibility":"","ast-main-header-display":"","ast-hfb-above-header-display":"","ast-hfb-below-header-display":"","ast-hfb-mobile-header-display":"","site-post-title":"","ast-breadcrumbs-content":"","ast-featured-img":"disabled","footer-sml-layout":"","ast-disable-related-posts":"","theme-transparent-header-meta":"","adv-header-id-meta":"","stick-header-meta":"","header-above-stick-meta":"","header-main-stick-meta":"","header-below-stick-meta":"","astra-migrate-meta-layouts":"default","ast-page-background-enabled":"default","ast-page-background-meta":{"desktop":{"background-color":"var(--ast-global-color-4)","background-image":"","background-repeat":"repeat","background-position":"center center","background-size":"auto","background-attachment":"scroll","background-type":"","background-media":"","overlay-type":"","overlay-color":"","overlay-opacity":"","overlay-gradient":""},"tablet":{"background-color":"","background-image":"","background-repeat":"repeat","background-position":"center center","background-size":"auto","background-attachment":"scroll","background-type":"","background-media":"","overlay-type":"","overlay-color":"","overlay-opacity":"","overlay-gradient":""},"mobile":{"background-color":"","background-image":"","background-repeat":"repeat","background-position":"center center","background-size":"auto","background-attachment":"scroll","background-type":"","background-media":"","overlay-type":"","overlay-color":"","overlay-opacity":"","overlay-gradient":""}},"ast-content-background-meta":{"desktop":{"background-color":"var(--ast-global-color-5)","background-image":"","background-repeat":"repeat","background-position":"center center","background-size":"auto","background-attachment":"scroll","background-type":"","background-media":"","overlay-type":"","overlay-color":"","overlay-opacity":"","overlay-gradient":""},"tablet":{"background-color":"var(--ast-global-color-5)","background-image":"","background-repeat":"repeat","background-position":"center center","background-size":"auto","background-attachment":"scroll","background-type":"","background-media":"","overlay-type":"","overlay-color":"","overlay-opacity":"","overlay-gradient":""},"mobile":{"background-color":"var(--ast-global-color-5)","background-image":"","background-repeat":"repeat","background-position":"center center","background-size":"auto","background-attachment":"scroll","background-type":"","background-media":"","overlay-type":"","overlay-color":"","overlay-opacity":"","overlay-gradient":""}},"footnotes":""},"class_list":["post-2967","page","type-page","status-publish","hentry"],"aioseo_notices":[],"_links":{"self":[{"href":"https:\/\/lipefurniture.com\/en\/wp-json\/wp\/v2\/pages\/2967","targetHints":{"allow":["GET"]}}],"collection":[{"href":"https:\/\/lipefurniture.com\/en\/wp-json\/wp\/v2\/pages"}],"about":[{"href":"https:\/\/lipefurniture.com\/en\/wp-json\/wp\/v2\/types\/page"}],"author":[{"embeddable":true,"href":"https:\/\/lipefurniture.com\/en\/wp-json\/wp\/v2\/users\/1"}],"replies":[{"embeddable":true,"href":"https:\/\/lipefurniture.com\/en\/wp-json\/wp\/v2\/comments?post=2967"}],"version-history":[{"count":286,"href":"https:\/\/lipefurniture.com\/en\/wp-json\/wp\/v2\/pages\/2967\/revisions"}],"predecessor-version":[{"id":9707,"href":"https:\/\/lipefurniture.com\/en\/wp-json\/wp\/v2\/pages\/2967\/revisions\/9707"}],"wp:attachment":[{"href":"https:\/\/lipefurniture.com\/en\/wp-json\/wp\/v2\/media?parent=2967"}],"curies":[{"name":"wp","href":"https:\/\/api.w.org\/{rel}","templated":true}]}}